{"id":85839,"date":"2020-08-03T17:26:08","date_gmt":"2020-08-03T15:26:08","guid":{"rendered":"https:\/\/fdp-beelen.de\/?page_id=85839"},"modified":"2025-10-13T12:21:08","modified_gmt":"2025-10-13T10:21:08","slug":"aktuelles-2","status":"publish","type":"page","link":"https:\/\/fdp-beelen.de\/?page_id=85839","title":{"rendered":"Aktuelles"},"content":{"rendered":"<p><span style=\"color: #000000;\"><strong>Christian D\u00fcrr 1. Vorsitzender der Bundes FDP zu Besuch bei den M\u00f6belwerken Hartmann<\/strong><\/span><\/p>\n<div style=\"width: 848px;\" class=\"wp-video\"><!--[if lt IE 9]><script>document.createElement('video');<\/script><![endif]-->\n<video class=\"wp-video-shortcode\" id=\"video-85839-1\" width=\"848\" height=\"480\" preload=\"metadata\" controls=\"controls\"><source type=\"video\/mp4\" src=\"https:\/\/fdp-beelen.de\/wp-content\/uploads\/2025\/10\/VID-20250930-WA0008.mp4?_=1\" \/><a href=\"https:\/\/fdp-beelen.de\/wp-content\/uploads\/2025\/10\/VID-20250930-WA0008.mp4\">https:\/\/fdp-beelen.de\/wp-content\/uploads\/2025\/10\/VID-20250930-WA0008.mp4<\/a><\/video><\/div>\n<p>&nbsp;<\/p>\n<p>&nbsp;<\/p>\n<hr \/>\n<p>&nbsp;<\/p>\n<p>&nbsp;<\/p>\n<p><img loading=\"lazy\" decoding=\"async\" class=\"alignnone wp-image-89143\" src=\"https:\/\/fdp-beelen.de\/wp-content\/uploads\/2025\/07\/Boule-Turnier.png\" alt=\"\" width=\"400\" height=\"368\" \/><\/p>\n<p><span style=\"font-size: 12pt;\"><strong><span style=\"color: #000000;\">Ob als Zuschauer oder als Teilnehmer \u2013 mitmachen beim Boule-Turnier in Beelen!<\/span><\/strong><\/span><\/p>\n<p><span style=\"color: #000000;\"><strong><span style=\"font-size: 12pt;\">So. 17. August 2025<br \/>\nin Beelen auf dem Boule-Platz<\/span><br \/>\n<span style=\"font-size: 12pt;\">Turnier-Start: 13.30 Uhr<\/span><br \/>\n<\/strong><\/span><\/p>\n<p>F\u00fcr Ihre Turnierteilnahme melden Sie sich bitte bis zum 10.08.2025 unter info@fdp-beelen.de oder per WhatsApp 0170 8770235 an.<\/p>\n<p>Genie\u00dfen Sie einen sportlichen Sonntagnachmittag bei k\u00fchlen Getr\u00e4nken und leckerem Essen vom Grill.<br \/>\nDer B\u00fcrgermeister und unser FDP-Team freuen sich auf Sie.<br \/>\nTeilnahme ist kostenlos.<br \/>\nTeilnehmerzahl ist begrenzt.<\/p>\n<hr \/>\n<p><img loading=\"lazy\" decoding=\"async\" class=\"alignnone wp-image-89288 size-full\" src=\"https:\/\/fdp-beelen.de\/wp-content\/uploads\/2025\/08\/Uebergabe_Spendenscheck.webp\" alt=\"\" width=\"992\" height=\"992\" srcset=\"https:\/\/fdp-beelen.de\/wp-content\/uploads\/2025\/08\/Uebergabe_Spendenscheck.webp 992w, https:\/\/fdp-beelen.de\/wp-content\/uploads\/2025\/08\/Uebergabe_Spendenscheck-980x980.webp 980w, https:\/\/fdp-beelen.de\/wp-content\/uploads\/2025\/08\/Uebergabe_Spendenscheck-480x480.webp 480w\" sizes=\"auto, (min-width: 0px) and (max-width: 480px) 480px, (min-width: 481px) and (max-width: 980px) 980px, (min-width: 981px) 992px, 100vw\" \/><\/p>\n<p><span style=\"font-size: 12pt; color: #000000;\"><strong>Spenden\u00fcbergabe an die Kita L\u00f6wenherz in Beelen am 23.07.25 in H\u00f6he von 125 \u20ac<\/strong><\/span><\/p>\n<p>Diese Summe geht in gleicher H\u00f6he an den katholischen St. Johannes Kindergarten, an die Alexe-Hegemann Kindertagesst\u00e4tte und die Friedrich-Fr\u00f6bel Kindertagesst\u00e4tte.<br \/>\nEin herzliches Danke sch\u00f6n an die Teilnehmerinnen und Teilnehmer der B\u00fcrgerbefragung.<\/p>\n<hr \/>\n<p><span style=\"font-size: 12pt; color: #000000;\"><strong>\u00c4ltere News<\/strong><\/span><\/p>\n<p><span style=\"font-size: 12pt;\"><strong><span style=\"color: #000000;\">Der \u201eBeelener Waterpatt\u201c soll wieder aufleben!<\/span><\/strong><\/span><\/p>\n<p>Alles steht und ist vorbereitet f\u00fcr unseren Waterpatt, nur jetzt spielt der Wasserstand im Teich nicht mit.<\/p>\n<p>Wir sind leider gezwungen aufgrund des niedrigen Wasserstandes das tolle Event vorerst abzusagen.<br \/>\nIn der Mitte des Teiches sind es nur noch knapp 60 cm. Und das mit null Aussicht auf Regen.<\/p>\n<p>Da alle Vorbereitungen getroffen sind, kann bei besserem Wasserpegel diese tolle Spa\u00dfaktion f\u00fcr Jung und Alt umgehend gestartet werden. Dar\u00fcber halten wir Beelen auf dem Laufenden.<\/p>\n<p>Wahrscheinlich ist unsere Aktion die Einzige die ausnahmsweise nicht Corona zum Opfer f\u00e4llt! Schade uns tut es sehr leid, wir hatten bisher schon viel Spa\u00df bei den Vorbereitungen.<\/p>\n<p>Aber aufgeschoben ist nicht aufgehoben.<\/p>\n<p><a href=\"https:\/\/fdp-beelen.de\/wp-content\/uploads\/2022\/06\/Waterpatt-wird-verschoben-Wasserstand-zu-niedrig-2-scaled.jpg\"><img loading=\"lazy\" decoding=\"async\" class=\"aligncenter wp-image-87127 size-medium\" src=\"https:\/\/fdp-beelen.de\/wp-content\/uploads\/2022\/06\/Waterpatt-wird-verschoben-Wasserstand-zu-niedrig-2-300x225.jpg\" alt=\"\" width=\"300\" height=\"225\" \/><\/a><\/p>\n<hr \/>\n<p>&nbsp;<\/p>\n<p><img loading=\"lazy\" decoding=\"async\" class=\"aligncenter wp-image-87050 size-medium\" src=\"https:\/\/fdp-beelen.de\/wp-content\/uploads\/2022\/05\/Waterpatt_01-212x300.jpeg\" alt=\"\" width=\"212\" height=\"300\" \/><\/p>\n<p>&nbsp;<\/p>\n<p><a href=\"https:\/\/fdp-beelen.de\/wp-content\/uploads\/2022\/05\/Waterpatt-Aufbau_01.jpg\">\u00a0<\/a><a href=\"https:\/\/fdp-beelen.de\/wp-content\/uploads\/2022\/05\/Waterpatt-Aufbau_01.jpg\"><img loading=\"lazy\" decoding=\"async\" class=\"alignleft wp-image-87045 size-medium\" src=\"https:\/\/fdp-beelen.de\/wp-content\/uploads\/2022\/05\/Waterpatt-Aufbau_01-300x225.jpg\" alt=\"\" width=\"300\" height=\"225\" \/><\/a><\/p>\n<p><span style=\"color: #000000;\"><br \/>\nEs wurde mit gro\u00dfem Aufwand und tatkr\u00e4ftiger Unterst\u00fctzung Beelener Unternehmen ein neuer Steg \u00fcber den Teich installiert.<\/span><\/p>\n<p><a href=\"https:\/\/fdp-beelen.de\/wp-content\/uploads\/2022\/05\/Waterpatt-Aufbau_03.jpg\"><img loading=\"lazy\" decoding=\"async\" class=\"aligncenter wp-image-87046 size-medium\" src=\"https:\/\/fdp-beelen.de\/wp-content\/uploads\/2022\/05\/Waterpatt-Aufbau_02-300x225.jpg\" alt=\"\" width=\"300\" height=\"225\" \/><img loading=\"lazy\" decoding=\"async\" class=\"alignright wp-image-87051 size-medium\" src=\"https:\/\/fdp-beelen.de\/wp-content\/uploads\/2022\/05\/Waterpatt-Aufbau_03-300x210.jpg\" alt=\"\" width=\"300\" height=\"210\" \/><\/a><\/p>\n<p>&nbsp;<\/p>\n<p><span style=\"color: #000000;\">Der Grundstein f\u00fcr das Radrennen oder Schubkarrenrennen m\u00f6glichst schnell \u00fcber den Holzsteg zu fahren, ohne \u00a0ins Wasser zu fallen, ist gelegt.<\/span><\/p>\n<p>N<span style=\"color: #000000;\">at\u00fcrlich wird auch f\u00fcr das leibliche Wohl gesorgt.<\/span><img loading=\"lazy\" decoding=\"async\" class=\"aligncenter wp-image-87054 size-thumbnail\" src=\"https:\/\/fdp-beelen.de\/wp-content\/uploads\/2022\/05\/spacepic-150x150.jpg\" alt=\"\" width=\"150\" height=\"150\" \/><\/p>\n<hr \/>\n<p><a href=\"https:\/\/fdp-beelen.de\/?page_id=85839\"><img loading=\"lazy\" decoding=\"async\" class=\"aligncenter size-full wp-image-85865\" src=\"https:\/\/fdp-beelen.de\/wp-content\/uploads\/2020\/08\/Gemeindliche-Politik-in-Beelen-1-scaled.jpg\" alt=\"\" width=\"2560\" height=\"857\" srcset=\"https:\/\/fdp-beelen.de\/wp-content\/uploads\/2020\/08\/Gemeindliche-Politik-in-Beelen-1-scaled.jpg 2560w, https:\/\/fdp-beelen.de\/wp-content\/uploads\/2020\/08\/Gemeindliche-Politik-in-Beelen-1-1280x429.jpg 1280w, https:\/\/fdp-beelen.de\/wp-content\/uploads\/2020\/08\/Gemeindliche-Politik-in-Beelen-1-980x328.jpg 980w, https:\/\/fdp-beelen.de\/wp-content\/uploads\/2020\/08\/Gemeindliche-Politik-in-Beelen-1-480x161.jpg 480w\" sizes=\"auto, (min-width: 0px) and (max-width: 480px) 480px, (min-width: 481px) and (max-width: 980px) 980px, (min-width: 981px) and (max-width: 1280px) 1280px, (min-width: 1281px) 2560px, 100vw\" \/>R\u00fcckschau<\/a><img loading=\"lazy\" decoding=\"async\" class=\"aligncenter size-full wp-image-85848\" src=\"https:\/\/fdp-beelen.de\/wp-content\/uploads\/2020\/08\/Gemeindliche-Politik-in-Beelen-scaled.jpg\" alt=\"\" width=\"2560\" height=\"857\" srcset=\"https:\/\/fdp-beelen.de\/wp-content\/uploads\/2020\/08\/Gemeindliche-Politik-in-Beelen-scaled.jpg 2560w, https:\/\/fdp-beelen.de\/wp-content\/uploads\/2020\/08\/Gemeindliche-Politik-in-Beelen-1280x429.jpg 1280w, https:\/\/fdp-beelen.de\/wp-content\/uploads\/2020\/08\/Gemeindliche-Politik-in-Beelen-980x328.jpg 980w, https:\/\/fdp-beelen.de\/wp-content\/uploads\/2020\/08\/Gemeindliche-Politik-in-Beelen-480x161.jpg 480w\" sizes=\"auto, (min-width: 0px) and (max-width: 480px) 480px, (min-width: 481px) and (max-width: 980px) 980px, (min-width: 981px) and (max-width: 1280px) 1280px, (min-width: 1281px) 2560px, 100vw\" \/><!--more--><\/p>\n","protected":false},"excerpt":{"rendered":"<p>Gemeindliche Politik in Beelen, in den letzten 6 Jahren<\/p>\n","protected":false},"author":2,"featured_media":0,"parent":0,"menu_order":0,"comment_status":"closed","ping_status":"closed","template":"","meta":{"_et_pb_use_builder":"off","_et_pb_old_content":"","_et_gb_content_width":"","inline_featured_image":false,"footnotes":""},"class_list":["post-85839","page","type-page","status-publish","hentry"],"_links":{"self":[{"href":"https:\/\/fdp-beelen.de\/index.php?rest_route=\/wp\/v2\/pages\/85839","targetHints":{"allow":["GET"]}}],"collection":[{"href":"https:\/\/fdp-beelen.de\/index.php?rest_route=\/wp\/v2\/pages"}],"about":[{"href":"https:\/\/fdp-beelen.de\/index.php?rest_route=\/wp\/v2\/types\/page"}],"author":[{"embeddable":true,"href":"https:\/\/fdp-beelen.de\/index.php?rest_route=\/wp\/v2\/users\/2"}],"replies":[{"embeddable":true,"href":"https:\/\/fdp-beelen.de\/index.php?rest_route=%2Fwp%2Fv2%2Fcomments&post=85839"}],"version-history":[{"count":63,"href":"https:\/\/fdp-beelen.de\/index.php?rest_route=\/wp\/v2\/pages\/85839\/revisions"}],"predecessor-version":[{"id":87049,"href":"https:\/\/fdp-beelen.de\/index.php?rest_route=\/wp\/v2\/pages\/85839\/revisions\/87049"}],"wp:attachment":[{"href":"https:\/\/fdp-beelen.de\/index.php?rest_route=%2Fwp%2Fv2%2Fmedia&parent=85839"}],"curies":[{"name":"wp","href":"https:\/\/api.w.org\/{rel}","templated":true}]}}